{"id":22,"date":"2016-05-16T15:08:34","date_gmt":"2016-05-16T13:08:34","guid":{"rendered":"https:\/\/aedes.berlin\/?page_id=22"},"modified":"2016-05-16T15:08:34","modified_gmt":"2016-05-16T13:08:34","slug":"hausmeisterleistungen","status":"publish","type":"page","link":"https:\/\/bbfm.berlin\/?page_id=22","title":{"rendered":"Hausmeisterleistungen"},"content":{"rendered":"<p>Zufriedene Mieter bedeuten weniger Reibungspunkte und helfen bei einer g\u00fcnstigen Kostenstruktur. Hilfsbereite und freundliche Hausmeister sind daher eine entscheidende Schnittstelle und stellen einen wichtigen Faktor dar.<\/p>\n<p>Hierf\u00fcr bietet die Aedes ein umfassendes Paket f\u00fcr alle Hausmeisterleistungen an. Wir sorgen daf\u00fcr, dass die Immobilie sauber, gepflegt und sicher ist.<\/p>\n<p>Unser Hausmeisterservice verf\u00fcgt \u00fcber langj\u00e4hrige Erfahrungen in der Betreuung von Einzelobjekten und Wohnanlagen. Kleine handwerkliche Arbeiten wie das Wechseln von Lampen, der Austausch von Schl\u00f6ssern oder die Beschilderung der Mieterressourcen wie Briefk\u00e4sten und Klingelanlagen k\u00f6nnen so schnell und kosteng\u00fcnstig ausgef\u00fchrt werden. Au\u00dferdem erm\u00f6glicht der Hausmeisterservice einen unkomplizierten \u00dcberblick \u00fcber die technischen Einrichtungen.<\/p>\n<p>Die Ansprechbarkeit eines Hausmeisters, der sich um die Belange der Mieter vor Ort k\u00fcmmern kann, tr\u00e4gt wesentlich zum Zufriedenheitspotential bei. Auch soziale Konflikte werden so im Vorfeld entsch\u00e4rft.<\/p>\n<p>Relativ aufwendige Aufgaben, wie die Organisation des Zugangs von Ver- und Entsorgungsunternehmen und Lieferanten k\u00f6nnen so unb\u00fcrokratisch erledigt werden.<\/p>\n<p>Der Hausmeisterservice sorgt f\u00fcr die regelm\u00e4\u00dfige \u00dcberpr\u00fcfung der Au\u00dfenanlagen, wie Garten und Kinderspieleinrichtungen und die Sicherung der T\u00fcr- und Toranlagen.<\/p>\n<p>Wir dokumentieren alle auftretenden M\u00e4ngel und organisieren auf Wunsch selbst\u00e4ndig deren rasche umgehende Beseitigung.<\/p>\n","protected":false},"excerpt":{"rendered":"<p>Zufriedene Mieter bedeuten weniger Reibungspunkte und helfen bei einer g\u00fcnstigen Kostenstruktur. Hilfsbereite und freundliche Hausmeister sind daher eine entscheidende Schnittstelle und stellen einen wichtigen Faktor &hellip;<\/p>\n","protected":false},"author":1,"featured_media":0,"parent":20,"menu_order":1,"comment_status":"closed","ping_status":"closed","template":"","meta":{"footnotes":"","_links_to":"","_links_to_target":""},"class_list":["post-22","page","type-page","status-publish","hentry"],"_links":{"self":[{"href":"https:\/\/bbfm.berlin\/index.php?rest_route=\/wp\/v2\/pages\/22","targetHints":{"allow":["GET"]}}],"collection":[{"href":"https:\/\/bbfm.berlin\/index.php?rest_route=\/wp\/v2\/pages"}],"about":[{"href":"https:\/\/bbfm.berlin\/index.php?rest_route=\/wp\/v2\/types\/page"}],"author":[{"embeddable":true,"href":"https:\/\/bbfm.berlin\/index.php?rest_route=\/wp\/v2\/users\/1"}],"replies":[{"embeddable":true,"href":"https:\/\/bbfm.berlin\/index.php?rest_route=%2Fwp%2Fv2%2Fcomments&post=22"}],"version-history":[{"count":0,"href":"https:\/\/bbfm.berlin\/index.php?rest_route=\/wp\/v2\/pages\/22\/revisions"}],"up":[{"embeddable":true,"href":"https:\/\/bbfm.berlin\/index.php?rest_route=\/wp\/v2\/pages\/20"}],"wp:attachment":[{"href":"https:\/\/bbfm.berlin\/index.php?rest_route=%2Fwp%2Fv2%2Fmedia&parent=22"}],"curies":[{"name":"wp","href":"https:\/\/api.w.org\/{rel}","templated":true}]}}