{"id":24,"date":"2016-05-16T15:09:01","date_gmt":"2016-05-16T13:09:01","guid":{"rendered":"https:\/\/aedes.berlin\/?page_id=24"},"modified":"2016-05-16T15:09:01","modified_gmt":"2016-05-16T13:09:01","slug":"leerstandsmanagement","status":"publish","type":"page","link":"https:\/\/bbfm.berlin\/?page_id=24","title":{"rendered":"Leerstandsmanagement"},"content":{"rendered":"<p>Qualit\u00e4tserhalt f\u00fcr leerstehende Wohnungen<\/p>\n<p>Leerstehender Wohnraum bedarf erh\u00f6hter Aufmerksamkeit, damit keine Qualit\u00e4tsverschlechterung eintritt und jederzeit f\u00fcr die Besichtigung bereitsteht. Beim Einzug ist unser Hausmeisterservice ebenfalls behilflich und sorgt f\u00fcr einen m\u00f6glichst reibungslosen und schadenfreien Vorgang.<\/p>\n<p>Hierf\u00fcr werden nach den W\u00fcnschen unseres Kunden regelm\u00e4\u00dfig Begehungen vorgenommen, auch um die Wasserzu- und Ableitungen betriebsbereit zu halten, sowie f\u00fcr einen angemessenen Frostschutz zu sorgen.<\/p>\n","protected":false},"excerpt":{"rendered":"<p>Qualit\u00e4tserhalt f\u00fcr leerstehende Wohnungen Leerstehender Wohnraum bedarf erh\u00f6hter Aufmerksamkeit, damit keine Qualit\u00e4tsverschlechterung eintritt und jederzeit f\u00fcr die Besichtigung bereitsteht. Beim Einzug ist unser Hausmeisterservice ebenfalls &hellip;<\/p>\n","protected":false},"author":1,"featured_media":0,"parent":20,"menu_order":2,"comment_status":"closed","ping_status":"closed","template":"","meta":{"footnotes":"","_links_to":"","_links_to_target":""},"class_list":["post-24","page","type-page","status-publish","hentry"],"_links":{"self":[{"href":"https:\/\/bbfm.berlin\/index.php?rest_route=\/wp\/v2\/pages\/24","targetHints":{"allow":["GET"]}}],"collection":[{"href":"https:\/\/bbfm.berlin\/index.php?rest_route=\/wp\/v2\/pages"}],"about":[{"href":"https:\/\/bbfm.berlin\/index.php?rest_route=\/wp\/v2\/types\/page"}],"author":[{"embeddable":true,"href":"https:\/\/bbfm.berlin\/index.php?rest_route=\/wp\/v2\/users\/1"}],"replies":[{"embeddable":true,"href":"https:\/\/bbfm.berlin\/index.php?rest_route=%2Fwp%2Fv2%2Fcomments&post=24"}],"version-history":[{"count":0,"href":"https:\/\/bbfm.berlin\/index.php?rest_route=\/wp\/v2\/pages\/24\/revisions"}],"up":[{"embeddable":true,"href":"https:\/\/bbfm.berlin\/index.php?rest_route=\/wp\/v2\/pages\/20"}],"wp:attachment":[{"href":"https:\/\/bbfm.berlin\/index.php?rest_route=%2Fwp%2Fv2%2Fmedia&parent=24"}],"curies":[{"name":"wp","href":"https:\/\/api.w.org\/{rel}","templated":true}]}}