{"id":26,"date":"2016-05-16T15:09:23","date_gmt":"2016-05-16T13:09:23","guid":{"rendered":"https:\/\/aedes.berlin\/?page_id=26"},"modified":"2016-05-16T15:09:23","modified_gmt":"2016-05-16T13:09:23","slug":"wohnungsabnahmen","status":"publish","type":"page","link":"https:\/\/bbfm.berlin\/?page_id=26","title":{"rendered":"Wohnungsabnahmen"},"content":{"rendered":"<p>Die Aedes \u00fcbernimmt auf Wunsch den kompletten und rechtssicher dokumentierten Prozess der Wohnungsabnahme, bzw. notwendiger Nachabnahmen.<\/p>\n<p>Insbesondere bei Ausz\u00fcgen sind Abnahmen ein streitgeneigte Vorgang, bei dem es um eine m\u00f6glichst stressfreie Beendigung des Mietverh\u00e4ltnisses geht. Hier hilft die langj\u00e4hrige Erfahrung unseres Hausmeisterservices.<\/p>\n","protected":false},"excerpt":{"rendered":"<p>Die Aedes \u00fcbernimmt auf Wunsch den kompletten und rechtssicher dokumentierten Prozess der Wohnungsabnahme, bzw. notwendiger Nachabnahmen. Insbesondere bei Ausz\u00fcgen sind Abnahmen ein streitgeneigte Vorgang, bei &hellip;<\/p>\n","protected":false},"author":1,"featured_media":0,"parent":20,"menu_order":3,"comment_status":"closed","ping_status":"closed","template":"","meta":{"footnotes":"","_links_to":"","_links_to_target":""},"class_list":["post-26","page","type-page","status-publish","hentry"],"_links":{"self":[{"href":"https:\/\/bbfm.berlin\/index.php?rest_route=\/wp\/v2\/pages\/26","targetHints":{"allow":["GET"]}}],"collection":[{"href":"https:\/\/bbfm.berlin\/index.php?rest_route=\/wp\/v2\/pages"}],"about":[{"href":"https:\/\/bbfm.berlin\/index.php?rest_route=\/wp\/v2\/types\/page"}],"author":[{"embeddable":true,"href":"https:\/\/bbfm.berlin\/index.php?rest_route=\/wp\/v2\/users\/1"}],"replies":[{"embeddable":true,"href":"https:\/\/bbfm.berlin\/index.php?rest_route=%2Fwp%2Fv2%2Fcomments&post=26"}],"version-history":[{"count":0,"href":"https:\/\/bbfm.berlin\/index.php?rest_route=\/wp\/v2\/pages\/26\/revisions"}],"up":[{"embeddable":true,"href":"https:\/\/bbfm.berlin\/index.php?rest_route=\/wp\/v2\/pages\/20"}],"wp:attachment":[{"href":"https:\/\/bbfm.berlin\/index.php?rest_route=%2Fwp%2Fv2%2Fmedia&parent=26"}],"curies":[{"name":"wp","href":"https:\/\/api.w.org\/{rel}","templated":true}]}}