{"id":40,"date":"2016-05-16T15:34:12","date_gmt":"2016-05-16T13:34:12","guid":{"rendered":"https:\/\/aedes.berlin\/?page_id=40"},"modified":"2016-05-16T15:34:12","modified_gmt":"2016-05-16T13:34:12","slug":"verwaltung-von-mietshaeusern","status":"publish","type":"page","link":"https:\/\/bbfm.berlin\/?page_id=40","title":{"rendered":"Verwaltung von Mietsh\u00e4usern"},"content":{"rendered":"<p>Wir bieten:<\/p>\n<ul>\n<li>Professionellen Vermietungsservice<\/li>\n<li>Optimale Verwaltung<\/li>\n<li>&#8211; Transparente Monatsabrechnungen<\/li>\n<li>&#8211; Software gest\u00fctzte Analyse der Betriebskosten<\/li>\n<li>&#8211; Zuverl\u00e4ssiges Mietinkasso und Forderungsmanagement<\/li>\n<li>St\u00e4ndige Erreichbarkeit in Notf\u00e4llen durch computergest\u00fctztes Prozessmanagement<\/li>\n<li><a href=\"https:\/\/aedes.berlin\/?page_id=20\">Facility-Management<\/a><\/li>\n<\/ul>\n","protected":false},"excerpt":{"rendered":"<p>Wir bieten: Professionellen Vermietungsservice Optimale Verwaltung &#8211; Transparente Monatsabrechnungen &#8211; Software gest\u00fctzte Analyse der Betriebskosten &#8211; Zuverl\u00e4ssiges Mietinkasso und Forderungsmanagement St\u00e4ndige Erreichbarkeit in Notf\u00e4llen durch &hellip;<\/p>\n","protected":false},"author":1,"featured_media":0,"parent":36,"menu_order":1,"comment_status":"closed","ping_status":"closed","template":"","meta":{"footnotes":"","_links_to":"","_links_to_target":""},"class_list":["post-40","page","type-page","status-publish","hentry"],"_links":{"self":[{"href":"https:\/\/bbfm.berlin\/index.php?rest_route=\/wp\/v2\/pages\/40","targetHints":{"allow":["GET"]}}],"collection":[{"href":"https:\/\/bbfm.berlin\/index.php?rest_route=\/wp\/v2\/pages"}],"about":[{"href":"https:\/\/bbfm.berlin\/index.php?rest_route=\/wp\/v2\/types\/page"}],"author":[{"embeddable":true,"href":"https:\/\/bbfm.berlin\/index.php?rest_route=\/wp\/v2\/users\/1"}],"replies":[{"embeddable":true,"href":"https:\/\/bbfm.berlin\/index.php?rest_route=%2Fwp%2Fv2%2Fcomments&post=40"}],"version-history":[{"count":0,"href":"https:\/\/bbfm.berlin\/index.php?rest_route=\/wp\/v2\/pages\/40\/revisions"}],"up":[{"embeddable":true,"href":"https:\/\/bbfm.berlin\/index.php?rest_route=\/wp\/v2\/pages\/36"}],"wp:attachment":[{"href":"https:\/\/bbfm.berlin\/index.php?rest_route=%2Fwp%2Fv2%2Fmedia&parent=40"}],"curies":[{"name":"wp","href":"https:\/\/api.w.org\/{rel}","templated":true}]}}